{"id":325,"date":"2025-10-09T22:23:23","date_gmt":"2025-10-09T20:23:23","guid":{"rendered":"https:\/\/sopras3.top-me.eu\/?page_id=325"},"modified":"2025-10-09T22:29:28","modified_gmt":"2025-10-09T20:29:28","slug":"our-wetsuits","status":"publish","type":"page","link":"https:\/\/neoprenynamiru.cz\/en\/our-wetsuits\/","title":{"rendered":"Our wetsuits"},"content":{"rendered":"\t\t<div data-elementor-type=\"wp-page\" data-elementor-id=\"325\" class=\"elementor elementor-325\" data-elementor-post-type=\"page\">\n\t\t\t\t<div class=\"elementor-element elementor-element-6d8f452 e-flex e-con-boxed e-con e-parent\" data-id=\"6d8f452\" data-element_type=\"container\" data-settings=\"{&quot;background_background&quot;:&quot;gradient&quot;}\">\n\t\t\t\t\t<div class=\"e-con-inner\">\n\t\t<div class=\"elementor-element elementor-element-0aa6949 e-con-full e-flex e-con e-child\" data-id=\"0aa6949\" data-element_type=\"container\">\n\t\t\t\t<div class=\"elementor-element elementor-element-1c181af elementor-widget elementor-widget-heading\" data-id=\"1c181af\" data-element_type=\"widget\" data-widget_type=\"heading.default\">\n\t\t\t\t\t<h2 class=\"elementor-heading-title elementor-size-default\">Custom-made wetsuits Sopras Apnea<\/h2>\t\t\t\t<\/div>\n\t\t\t\t<div class=\"elementor-element elementor-element-69112af elementor-widget elementor-widget-heading\" data-id=\"69112af\" data-element_type=\"widget\" data-widget_type=\"heading.default\">\n\t\t\t\t\t<h3 class=\"elementor-heading-title elementor-size-default\">Why are they the right choice?<\/h3>\t\t\t\t<\/div>\n\t\t\t\t<\/div>\n\t\t\t\t\t<\/div>\n\t\t\t\t<\/div>\n\t\t<div class=\"elementor-element elementor-element-f440574 e-flex e-con-boxed e-con e-parent\" data-id=\"f440574\" data-element_type=\"container\" data-settings=\"{&quot;background_background&quot;:&quot;classic&quot;}\">\n\t\t\t\t\t<div class=\"e-con-inner\">\n\t\t<div class=\"elementor-element elementor-element-081c2ee e-con-full e-flex e-con e-child\" data-id=\"081c2ee\" data-element_type=\"container\" data-settings=\"{&quot;background_background&quot;:&quot;classic&quot;}\">\n\t\t\t\t<div class=\"elementor-element elementor-element-25bc077 elementor-widget elementor-widget-image\" data-id=\"25bc077\" data-element_type=\"widget\" data-widget_type=\"image.default\">\n\t\t\t\t\t\t\t\t\t\t\t\t\t\t\t<img fetchpriority=\"high\" decoding=\"async\" width=\"176\" height=\"300\" src=\"https:\/\/neoprenynamiru.cz\/wp-content\/uploads\/2025\/09\/neopreny-na-miru-176x300.png\" class=\"attachment-medium size-medium wp-image-274\" alt=\"\" srcset=\"https:\/\/neoprenynamiru.cz\/wp-content\/uploads\/2025\/09\/neopreny-na-miru-176x300.png 176w, https:\/\/neoprenynamiru.cz\/wp-content\/uploads\/2025\/09\/neopreny-na-miru-601x1024.png 601w, https:\/\/neoprenynamiru.cz\/wp-content\/uploads\/2025\/09\/neopreny-na-miru-768x1308.png 768w, https:\/\/neoprenynamiru.cz\/wp-content\/uploads\/2025\/09\/neopreny-na-miru-902x1536.png 902w, https:\/\/neoprenynamiru.cz\/wp-content\/uploads\/2025\/09\/neopreny-na-miru-1202x2048.png 1202w, https:\/\/neoprenynamiru.cz\/wp-content\/uploads\/2025\/09\/neopreny-na-miru.png 1382w\" sizes=\"(max-width: 176px) 100vw, 176px\" \/>\t\t\t\t\t\t\t\t\t\t\t\t\t\t\t<\/div>\n\t\t\t\t<\/div>\n\t\t<div class=\"elementor-element elementor-element-abba06a e-con-full e-flex e-con e-child\" data-id=\"abba06a\" data-element_type=\"container\">\n\t\t\t\t<div class=\"elementor-element elementor-element-2a42ea3 elementor-widget elementor-widget-heading\" data-id=\"2a42ea3\" data-element_type=\"widget\" data-widget_type=\"heading.default\">\n\t\t\t\t\t<h2 class=\"elementor-heading-title elementor-size-default\">Every suit is as unique as you are<\/h2>\t\t\t\t<\/div>\n\t\t\t\t<div class=\"elementor-element elementor-element-20dacf0 elementor-widget elementor-widget-text-editor\" data-id=\"20dacf0\" data-element_type=\"widget\" data-widget_type=\"text-editor.default\">\n\t\t\t\t\t\t\t\t\t<p>We sew neoprene suits for freediving with perfect fit in mind.<\/p><p>We will measure you precisely from head to toe to ensure that your suit fits perfectly.<\/p><p>Together, we will choose the color and thickness of the neoprene according to your needs.<\/p>\t\t\t\t\t\t\t\t<\/div>\n\t\t\t\t<\/div>\n\t\t\t\t\t<\/div>\n\t\t\t\t<\/div>\n\t\t<div class=\"elementor-element elementor-element-a5074a5 e-flex e-con-boxed e-con e-parent\" data-id=\"a5074a5\" data-element_type=\"container\" data-settings=\"{&quot;background_background&quot;:&quot;classic&quot;}\">\n\t\t\t\t\t<div class=\"e-con-inner\">\n\t\t<div class=\"elementor-element elementor-element-7eea87e e-con-full e-flex e-con e-child\" data-id=\"7eea87e\" data-element_type=\"container\">\n\t\t\t\t<div class=\"elementor-element elementor-element-f1b1431 elementor-widget elementor-widget-heading\" data-id=\"f1b1431\" data-element_type=\"widget\" data-widget_type=\"heading.default\">\n\t\t\t\t\t<h2 class=\"elementor-heading-title elementor-size-default\">Technology for maximum performance<\/h2>\t\t\t\t<\/div>\n\t\t\t\t<div class=\"elementor-element elementor-element-347d3c2 elementor-widget elementor-widget-text-editor\" data-id=\"347d3c2\" data-element_type=\"widget\" data-widget_type=\"text-editor.default\">\n\t\t\t\t\t\t\t\t\t<p>We sew two-piece freediving suits, with a hood as part of the top and a beaver tail with a fastening clip at the crotch. The set includes high-waisted pants that reach above the navel or pants with suspenders.<\/p><p>We use open cell neoprene for the best thermal comfort, elasticity, and compression resistance.<\/p><p>Thanks to its seamless bottom construction, this type of neoprene adheres to the skin like millions of suction cups, preventing cold water from entering while minimizing movement restrictions.<\/p>\t\t\t\t\t\t\t\t<\/div>\n\t\t\t\t<\/div>\n\t\t<div class=\"elementor-element elementor-element-d0ec62d e-con-full e-flex e-con e-child\" data-id=\"d0ec62d\" data-element_type=\"container\" data-settings=\"{&quot;background_background&quot;:&quot;classic&quot;}\">\n\t\t\t\t<div class=\"elementor-element elementor-element-5b42d45 elementor-widget elementor-widget-image\" data-id=\"5b42d45\" data-element_type=\"widget\" data-widget_type=\"image.default\">\n\t\t\t\t\t\t\t\t\t\t\t\t\t\t\t<img decoding=\"async\" src=\"https:\/\/neoprenynamiru.cz\/wp-content\/uploads\/elementor\/thumbs\/Sopras-Apnea-neopreny-na-miru_Stranka_3-rc9eaow9t1qf85m8ad166nqneepr8xd6s6nzk7f8jk.png\" title=\"Sopras Apnea neopr\u00e9ny na m\u00edru_Str\u00e1nka_3\" alt=\"Sopras Apnea neopr\u00e9ny na m\u00edru_Str\u00e1nka_3\" loading=\"lazy\" \/>\t\t\t\t\t\t\t\t\t\t\t\t\t\t\t<\/div>\n\t\t\t\t<\/div>\n\t\t\t\t\t<\/div>\n\t\t\t\t<\/div>\n\t\t<div class=\"elementor-element elementor-element-cbad3bc e-flex e-con-boxed e-con e-parent\" data-id=\"cbad3bc\" data-element_type=\"container\" data-settings=\"{&quot;background_background&quot;:&quot;classic&quot;}\">\n\t\t\t\t\t<div class=\"e-con-inner\">\n\t\t<div class=\"elementor-element elementor-element-651c146 e-con-full e-flex e-con e-child\" data-id=\"651c146\" data-element_type=\"container\" data-settings=\"{&quot;background_background&quot;:&quot;classic&quot;}\">\n\t\t\t\t<div class=\"elementor-element elementor-element-d9367ae elementor-widget elementor-widget-image\" data-id=\"d9367ae\" data-element_type=\"widget\" data-widget_type=\"image.default\">\n\t\t\t\t\t\t\t\t\t\t\t\t\t\t\t<img decoding=\"async\" width=\"300\" height=\"136\" src=\"https:\/\/neoprenynamiru.cz\/wp-content\/uploads\/2025\/09\/Sopras-Apnea-neopreny-na-miru_Stranka_4-300x136.png\" class=\"attachment-medium size-medium wp-image-276\" alt=\"\" srcset=\"https:\/\/neoprenynamiru.cz\/wp-content\/uploads\/2025\/09\/Sopras-Apnea-neopreny-na-miru_Stranka_4-300x136.png 300w, https:\/\/neoprenynamiru.cz\/wp-content\/uploads\/2025\/09\/Sopras-Apnea-neopreny-na-miru_Stranka_4-1024x463.png 1024w, https:\/\/neoprenynamiru.cz\/wp-content\/uploads\/2025\/09\/Sopras-Apnea-neopreny-na-miru_Stranka_4-768x347.png 768w, https:\/\/neoprenynamiru.cz\/wp-content\/uploads\/2025\/09\/Sopras-Apnea-neopreny-na-miru_Stranka_4-1536x695.png 1536w, https:\/\/neoprenynamiru.cz\/wp-content\/uploads\/2025\/09\/Sopras-Apnea-neopreny-na-miru_Stranka_4.png 1846w\" sizes=\"(max-width: 300px) 100vw, 300px\" \/>\t\t\t\t\t\t\t\t\t\t\t\t\t\t\t<\/div>\n\t\t\t\t<div class=\"elementor-element elementor-element-a9bc6b1 elementor-widget elementor-widget-image\" data-id=\"a9bc6b1\" data-element_type=\"widget\" data-widget_type=\"image.default\">\n\t\t\t\t\t\t\t\t\t\t\t\t\t\t\t<img decoding=\"async\" width=\"300\" height=\"144\" src=\"https:\/\/neoprenynamiru.cz\/wp-content\/uploads\/2025\/09\/Sopras-Apnea-neopreny-na-miru_Stranka_4-1-300x144.png\" class=\"attachment-medium size-medium wp-image-277\" alt=\"\" srcset=\"https:\/\/neoprenynamiru.cz\/wp-content\/uploads\/2025\/09\/Sopras-Apnea-neopreny-na-miru_Stranka_4-1-300x144.png 300w, https:\/\/neoprenynamiru.cz\/wp-content\/uploads\/2025\/09\/Sopras-Apnea-neopreny-na-miru_Stranka_4-1-1024x491.png 1024w, https:\/\/neoprenynamiru.cz\/wp-content\/uploads\/2025\/09\/Sopras-Apnea-neopreny-na-miru_Stranka_4-1-768x368.png 768w, https:\/\/neoprenynamiru.cz\/wp-content\/uploads\/2025\/09\/Sopras-Apnea-neopreny-na-miru_Stranka_4-1-1536x736.png 1536w, https:\/\/neoprenynamiru.cz\/wp-content\/uploads\/2025\/09\/Sopras-Apnea-neopreny-na-miru_Stranka_4-1.png 1815w\" sizes=\"(max-width: 300px) 100vw, 300px\" \/>\t\t\t\t\t\t\t\t\t\t\t\t\t\t\t<\/div>\n\t\t\t\t<div class=\"elementor-element elementor-element-218e049 elementor-widget elementor-widget-image\" data-id=\"218e049\" data-element_type=\"widget\" data-widget_type=\"image.default\">\n\t\t\t\t\t\t\t\t\t\t\t\t\t\t\t<img loading=\"lazy\" decoding=\"async\" width=\"300\" height=\"155\" src=\"https:\/\/neoprenynamiru.cz\/wp-content\/uploads\/2025\/09\/Sopras-Apnea-neopreny-na-miru_Stranka_4-2-300x155.png\" class=\"attachment-medium size-medium wp-image-278\" alt=\"\" srcset=\"https:\/\/neoprenynamiru.cz\/wp-content\/uploads\/2025\/09\/Sopras-Apnea-neopreny-na-miru_Stranka_4-2-300x155.png 300w, https:\/\/neoprenynamiru.cz\/wp-content\/uploads\/2025\/09\/Sopras-Apnea-neopreny-na-miru_Stranka_4-2-1024x528.png 1024w, https:\/\/neoprenynamiru.cz\/wp-content\/uploads\/2025\/09\/Sopras-Apnea-neopreny-na-miru_Stranka_4-2-768x396.png 768w, https:\/\/neoprenynamiru.cz\/wp-content\/uploads\/2025\/09\/Sopras-Apnea-neopreny-na-miru_Stranka_4-2-1536x791.png 1536w, https:\/\/neoprenynamiru.cz\/wp-content\/uploads\/2025\/09\/Sopras-Apnea-neopreny-na-miru_Stranka_4-2.png 1801w\" sizes=\"(max-width: 300px) 100vw, 300px\" \/>\t\t\t\t\t\t\t\t\t\t\t\t\t\t\t<\/div>\n\t\t\t\t<\/div>\n\t\t<div class=\"elementor-element elementor-element-51cac9d e-con-full e-flex e-con e-child\" data-id=\"51cac9d\" data-element_type=\"container\">\n\t\t\t\t<div class=\"elementor-element elementor-element-172e2ab elementor-widget elementor-widget-heading\" data-id=\"172e2ab\" data-element_type=\"widget\" data-widget_type=\"heading.default\">\n\t\t\t\t\t<h2 class=\"elementor-heading-title elementor-size-default\">Three thicknesses for all conditions<\/h2>\t\t\t\t<\/div>\n\t\t\t\t<div class=\"elementor-element elementor-element-db2ac2a elementor-widget elementor-widget-text-editor\" data-id=\"db2ac2a\" data-element_type=\"widget\" data-widget_type=\"text-editor.default\">\n\t\t\t\t\t\t\t\t\t<p>You can choose the thickness of the material used according to the temperature of the water in which you want to dive, and you can choose from three options &#8211; 3mm, 5mm, 7mm.<\/p><p>If necessary, or for spearfishing, the suit can be supplemented with knee and elbow protectors with a more durable Supratex surface treatment.<\/p><p>For male divers, we offer special features such as a zipper or pissette, which allow for a hygienic solution during long dives without having to take off the suit.<\/p>\t\t\t\t\t\t\t\t<\/div>\n\t\t\t\t<\/div>\n\t\t\t\t\t<\/div>\n\t\t\t\t<\/div>\n\t\t<div class=\"elementor-element elementor-element-3877aab e-flex e-con-boxed e-con e-parent\" data-id=\"3877aab\" data-element_type=\"container\" data-settings=\"{&quot;background_background&quot;:&quot;classic&quot;}\">\n\t\t\t\t\t<div class=\"e-con-inner\">\n\t\t<div class=\"elementor-element elementor-element-d524c33 e-con-full e-flex e-con e-child\" data-id=\"d524c33\" data-element_type=\"container\">\n\t\t\t\t<div class=\"elementor-element elementor-element-67cb94d elementor-widget elementor-widget-heading\" data-id=\"67cb94d\" data-element_type=\"widget\" data-widget_type=\"heading.default\">\n\t\t\t\t\t<h2 class=\"elementor-heading-title elementor-size-default\">Black or camouflage \u2013 the choice is yours<\/h2>\t\t\t\t<\/div>\n\t\t\t\t<div class=\"elementor-element elementor-element-8b99a8c elementor-widget elementor-widget-text-editor\" data-id=\"8b99a8c\" data-element_type=\"widget\" data-widget_type=\"text-editor.default\">\n\t\t\t\t\t\t\t\t\t<p>You can have a traditional black suit or choose from two other options. A blue or green camouflage design that will make you stand out, or perhaps the opposite \ud83d\ude42<\/p><p>The cut of the suit is designed to fit you as well as possible, but you can choose the color combination of the individual parts so that you will definitely recognize your suit.<\/p>\t\t\t\t\t\t\t\t<\/div>\n\t\t\t\t<\/div>\n\t\t<div class=\"elementor-element elementor-element-486b502 e-con-full e-flex e-con e-child\" data-id=\"486b502\" data-element_type=\"container\" data-settings=\"{&quot;background_background&quot;:&quot;classic&quot;}\">\n\t\t\t\t<div class=\"elementor-element elementor-element-93e552a elementor-widget elementor-widget-image\" data-id=\"93e552a\" data-element_type=\"widget\" data-widget_type=\"image.default\">\n\t\t\t\t\t\t\t\t\t\t\t\t\t\t\t<img decoding=\"async\" src=\"https:\/\/neoprenynamiru.cz\/wp-content\/uploads\/elementor\/thumbs\/Sopras-Apnea-neopreny-na-miru_Stranka_5-rc9prtwjol9vpi62idaj2sr6gdye5sitbjq24ibxfk.png\" title=\"Sopras Apnea neopr\u00e9ny na m\u00edru_Str\u00e1nka_5\" alt=\"Sopras Apnea neopr\u00e9ny na m\u00edru_Str\u00e1nka_5\" loading=\"lazy\" \/>\t\t\t\t\t\t\t\t\t\t\t\t\t\t\t<\/div>\n\t\t\t\t<\/div>\n\t\t\t\t\t<\/div>\n\t\t\t\t<\/div>\n\t\t<div class=\"elementor-element elementor-element-9566849 e-flex e-con-boxed e-con e-parent\" data-id=\"9566849\" data-element_type=\"container\" data-settings=\"{&quot;background_background&quot;:&quot;classic&quot;}\">\n\t\t\t\t\t<div class=\"e-con-inner\">\n\t\t\t\t<div class=\"elementor-element elementor-element-9c08d4a elementor-widget elementor-widget-heading\" data-id=\"9c08d4a\" data-element_type=\"widget\" data-widget_type=\"heading.default\">\n\t\t\t\t\t<h2 class=\"elementor-heading-title elementor-size-default\">DO YOU HAVE ANY QUESTIONS OR WOULD YOU LIKE TO PLACE AN ORDER?<\/h2>\t\t\t\t<\/div>\n\t\t\t\t<div class=\"elementor-element elementor-element-19cdfe2 elementor-widget elementor-widget-heading\" data-id=\"19cdfe2\" data-element_type=\"widget\" data-widget_type=\"heading.default\">\n\t\t\t\t\t<h3 class=\"elementor-heading-title elementor-size-default\">Call or write to us!<\/h3>\t\t\t\t<\/div>\n\t\t<div class=\"elementor-element elementor-element-74bd7de e-grid e-con-full e-con e-child\" data-id=\"74bd7de\" data-element_type=\"container\">\n\t\t<div class=\"elementor-element elementor-element-5e81fc6 e-con-full e-flex e-con e-child\" data-id=\"5e81fc6\" data-element_type=\"container\">\n\t\t\t\t<div class=\"elementor-element elementor-element-7527d4b elementor-position-left elementor-view-default elementor-mobile-position-top elementor-widget elementor-widget-icon-box\" data-id=\"7527d4b\" data-element_type=\"widget\" data-widget_type=\"icon-box.default\">\n\t\t\t\t\t\t\t<div class=\"elementor-icon-box-wrapper\">\n\n\t\t\t\t\t\t<div class=\"elementor-icon-box-icon\">\n\t\t\t\t<a href=\"tel:+420312699790\" class=\"elementor-icon\" tabindex=\"-1\" aria-label=\"+420 312 699 790\">\n\t\t\t\t<svg aria-hidden=\"true\" class=\"e-font-icon-svg e-fas-phone-alt\" viewBox=\"0 0 512 512\" xmlns=\"http:\/\/www.w3.org\/2000\/svg\"><path d=\"M497.39 361.8l-112-48a24 24 0 0 0-28 6.9l-49.6 60.6A370.66 370.66 0 0 1 130.6 204.11l60.6-49.6a23.94 23.94 0 0 0 6.9-28l-48-112A24.16 24.16 0 0 0 122.6.61l-104 24A24 24 0 0 0 0 48c0 256.5 207.9 464 464 464a24 24 0 0 0 23.4-18.6l24-104a24.29 24.29 0 0 0-14.01-27.6z\"><\/path><\/svg>\t\t\t\t<\/a>\n\t\t\t<\/div>\n\t\t\t\n\t\t\t\t\t\t<div class=\"elementor-icon-box-content\">\n\n\t\t\t\t\t\t\t\t\t<h3 class=\"elementor-icon-box-title\">\n\t\t\t\t\t\t<a href=\"tel:+420312699790\" >\n\t\t\t\t\t\t\t+420 312 699 790\t\t\t\t\t\t<\/a>\n\t\t\t\t\t<\/h3>\n\t\t\t\t\n\t\t\t\t\n\t\t\t<\/div>\n\t\t\t\n\t\t<\/div>\n\t\t\t\t\t\t<\/div>\n\t\t\t\t<\/div>\n\t\t<div class=\"elementor-element elementor-element-821e4b5 e-con-full e-flex e-con e-child\" data-id=\"821e4b5\" data-element_type=\"container\">\n\t\t\t\t<div class=\"elementor-element elementor-element-77f30f0 elementor-position-left elementor-view-default elementor-mobile-position-top elementor-widget elementor-widget-icon-box\" data-id=\"77f30f0\" data-element_type=\"widget\" data-widget_type=\"icon-box.default\">\n\t\t\t\t\t\t\t<div class=\"elementor-icon-box-wrapper\">\n\n\t\t\t\t\t\t<div class=\"elementor-icon-box-icon\">\n\t\t\t\t<a href=\"mailto:office@sopras.cz\" class=\"elementor-icon\" tabindex=\"-1\" aria-label=\"office@sopras.cz\">\n\t\t\t\t<svg aria-hidden=\"true\" class=\"e-font-icon-svg e-fas-envelope\" viewBox=\"0 0 512 512\" xmlns=\"http:\/\/www.w3.org\/2000\/svg\"><path d=\"M502.3 190.8c3.9-3.1 9.7-.2 9.7 4.7V400c0 26.5-21.5 48-48 48H48c-26.5 0-48-21.5-48-48V195.6c0-5 5.7-7.8 9.7-4.7 22.4 17.4 52.1 39.5 154.1 113.6 21.1 15.4 56.7 47.8 92.2 47.6 35.7.3 72-32.8 92.3-47.6 102-74.1 131.6-96.3 154-113.7zM256 320c23.2.4 56.6-29.2 73.4-41.4 132.7-96.3 142.8-104.7 173.4-128.7 5.8-4.5 9.2-11.5 9.2-18.9v-19c0-26.5-21.5-48-48-48H48C21.5 64 0 85.5 0 112v19c0 7.4 3.4 14.3 9.2 18.9 30.6 23.9 40.7 32.4 173.4 128.7 16.8 12.2 50.2 41.8 73.4 41.4z\"><\/path><\/svg>\t\t\t\t<\/a>\n\t\t\t<\/div>\n\t\t\t\n\t\t\t\t\t\t<div class=\"elementor-icon-box-content\">\n\n\t\t\t\t\t\t\t\t\t<h3 class=\"elementor-icon-box-title\">\n\t\t\t\t\t\t<a href=\"mailto:office@sopras.cz\" >\n\t\t\t\t\t\t\toffice@sopras.cz\t\t\t\t\t\t<\/a>\n\t\t\t\t\t<\/h3>\n\t\t\t\t\n\t\t\t\t\n\t\t\t<\/div>\n\t\t\t\n\t\t<\/div>\n\t\t\t\t\t\t<\/div>\n\t\t\t\t<\/div>\n\t\t\t\t<\/div>\n\t\t\t\t\t<\/div>\n\t\t\t\t<\/div>\n\t\t\t\t<\/div>\n\t\t","protected":false},"excerpt":{"rendered":"<p>Custom-made wetsuits Sopras Apnea Why are they the right choice? Every suit is as unique as you are We sew neoprene suits for freediving with perfect fit in mind. We will measure you precisely from head to toe to ensure that your suit fits perfectly. Together, we will choose the color and thickness of the [&hellip;]<\/p>\n","protected":false},"author":1,"featured_media":0,"parent":0,"menu_order":0,"comment_status":"closed","ping_status":"closed","template":"","meta":{"footnotes":""},"class_list":["post-325","page","type-page","status-publish","hentry"],"_links":{"self":[{"href":"https:\/\/neoprenynamiru.cz\/en\/wp-json\/wp\/v2\/pages\/325","targetHints":{"allow":["GET"]}}],"collection":[{"href":"https:\/\/neoprenynamiru.cz\/en\/wp-json\/wp\/v2\/pages"}],"about":[{"href":"https:\/\/neoprenynamiru.cz\/en\/wp-json\/wp\/v2\/types\/page"}],"author":[{"embeddable":true,"href":"https:\/\/neoprenynamiru.cz\/en\/wp-json\/wp\/v2\/users\/1"}],"replies":[{"embeddable":true,"href":"https:\/\/neoprenynamiru.cz\/en\/wp-json\/wp\/v2\/comments?post=325"}],"version-history":[{"count":5,"href":"https:\/\/neoprenynamiru.cz\/en\/wp-json\/wp\/v2\/pages\/325\/revisions"}],"predecessor-version":[{"id":330,"href":"https:\/\/neoprenynamiru.cz\/en\/wp-json\/wp\/v2\/pages\/325\/revisions\/330"}],"wp:attachment":[{"href":"https:\/\/neoprenynamiru.cz\/en\/wp-json\/wp\/v2\/media?parent=325"}],"curies":[{"name":"wp","href":"https:\/\/api.w.org\/{rel}","templated":true}]}}