{"id":315,"date":"2025-10-09T22:00:31","date_gmt":"2025-10-09T20:00:31","guid":{"rendered":"https:\/\/sopras3.top-me.eu\/?page_id=315"},"modified":"2025-10-09T22:36:09","modified_gmt":"2025-10-09T20:36:09","slug":"how-to-measure-yourself","status":"publish","type":"page","link":"https:\/\/neoprenynamiru.cz\/en\/how-to-measure-yourself\/","title":{"rendered":"How to measure"},"content":{"rendered":"\t\t<div data-elementor-type=\"wp-page\" data-elementor-id=\"315\" class=\"elementor elementor-315\" data-elementor-post-type=\"page\">\n\t\t\t\t<div class=\"elementor-element elementor-element-21be221 e-flex e-con-boxed e-con e-parent\" data-id=\"21be221\" data-element_type=\"container\" data-settings=\"{&quot;background_background&quot;:&quot;gradient&quot;}\">\n\t\t\t\t\t<div class=\"e-con-inner\">\n\t\t<div class=\"elementor-element elementor-element-72cd324 e-con-full e-flex e-con e-child\" data-id=\"72cd324\" data-element_type=\"container\">\n\t\t\t\t<div class=\"elementor-element elementor-element-088ed0b elementor-widget elementor-widget-heading\" data-id=\"088ed0b\" data-element_type=\"widget\" data-widget_type=\"heading.default\">\n\t\t\t\t\t<h2 class=\"elementor-heading-title elementor-size-default\">Jak se zm\u011b\u0159it?<\/h2>\t\t\t\t<\/div>\n\t\t\t\t<div class=\"elementor-element elementor-element-bb27438 elementor-widget elementor-widget-heading\" data-id=\"bb27438\" data-element_type=\"widget\" data-widget_type=\"heading.default\">\n\t\t\t\t\t<h3 class=\"elementor-heading-title elementor-size-default\">Vyr\u00e1b\u00edme obleky jak pro freedivery, tak pro pot\u00e1p\u011b\u010de. Ve n\u00e1sleduj\u00edc\u00edm videu se dozv\u00edte, jak spr\u00e1vn\u011b prov\u00e9st m\u011b\u0159en\u00ed a vyhnout se n\u00e1kladn\u00fdm chyb\u00e1m.<\/h3>\t\t\t\t<\/div>\n\t\t\t\t<\/div>\n\t\t\t\t\t<\/div>\n\t\t\t\t<\/div>\n\t\t<div class=\"elementor-element elementor-element-89e7e1e e-con-full e-flex e-con e-child\" data-id=\"89e7e1e\" data-element_type=\"container\" data-settings=\"{&quot;background_background&quot;:&quot;classic&quot;}\">\n\t\t<div class=\"elementor-element elementor-element-c2c3e9d e-flex e-con-boxed e-con e-child\" data-id=\"c2c3e9d\" data-element_type=\"container\">\n\t\t\t\t\t<div class=\"e-con-inner\">\n\t\t\t\t<div class=\"elementor-element elementor-element-3c0659e elementor-widget elementor-widget-video\" data-id=\"3c0659e\" data-element_type=\"widget\" data-settings=\"{&quot;youtube_url&quot;:&quot;https:\\\/\\\/www.youtube.com\\\/watch?v=KCpxaMpj9ZA&amp;t=68s&quot;,&quot;video_type&quot;:&quot;youtube&quot;,&quot;controls&quot;:&quot;yes&quot;}\" data-widget_type=\"video.default\">\n\t\t\t\t\t\t\t<div class=\"elementor-wrapper elementor-open-inline\">\n\t\t\t<div class=\"elementor-video\"><\/div>\t\t<\/div>\n\t\t\t\t\t\t<\/div>\n\t\t\t\t\t<\/div>\n\t\t\t\t<\/div>\n\t\t\t\t<\/div>\n\t\t<div class=\"elementor-element elementor-element-b9577dc e-flex e-con-boxed e-con e-parent\" data-id=\"b9577dc\" data-element_type=\"container\" data-settings=\"{&quot;background_background&quot;:&quot;classic&quot;}\">\n\t\t\t\t\t<div class=\"e-con-inner\">\n\t\t<div class=\"elementor-element elementor-element-9c9cd40 e-con-full e-flex e-con e-child\" data-id=\"9c9cd40\" data-element_type=\"container\">\n\t\t\t\t<div class=\"elementor-element elementor-element-6656248 elementor-widget elementor-widget-heading\" data-id=\"6656248\" data-element_type=\"widget\" data-widget_type=\"heading.default\">\n\t\t\t\t\t<h3 class=\"elementor-heading-title elementor-size-default\">St\u00e1hn\u011bte si velikostn\u00ed tabulku<\/h3>\t\t\t\t<\/div>\n\t\t\t\t<div class=\"elementor-element elementor-element-c9df6b8 elementor-align-center elementor-widget elementor-widget-button\" data-id=\"c9df6b8\" data-element_type=\"widget\" data-widget_type=\"button.default\">\n\t\t\t\t\t\t\t\t\t\t<a class=\"elementor-button elementor-button-link elementor-size-sm\" href=\"https:\/\/sopras3.top-me.eu\/wp-content\/uploads\/2025\/10\/Measurement-table-cz-2.pdf\">\n\t\t\t\t\t\t<span class=\"elementor-button-content-wrapper\">\n\t\t\t\t\t\t\t\t\t<span class=\"elementor-button-text\">ST\u00c1HNOUT<\/span>\n\t\t\t\t\t<\/span>\n\t\t\t\t\t<\/a>\n\t\t\t\t\t\t\t\t<\/div>\n\t\t\t\t<\/div>\n\t\t\t\t\t<\/div>\n\t\t\t\t<\/div>\n\t\t<div class=\"elementor-element elementor-element-246c46f e-flex e-con-boxed e-con e-parent\" data-id=\"246c46f\" data-element_type=\"container\" data-settings=\"{&quot;background_background&quot;:&quot;classic&quot;}\">\n\t\t\t\t\t<div class=\"e-con-inner\">\n\t\t\t\t<div class=\"elementor-element elementor-element-0d21c78 elementor-widget elementor-widget-heading\" data-id=\"0d21c78\" data-element_type=\"widget\" data-widget_type=\"heading.default\">\n\t\t\t\t\t<h2 class=\"elementor-heading-title elementor-size-default\">M\u00c1TE DOTAZY NEBO SI CHCETE ROVNOU OBJEDNAT?<\/h2>\t\t\t\t<\/div>\n\t\t\t\t<div class=\"elementor-element elementor-element-99c7f96 elementor-widget elementor-widget-heading\" data-id=\"99c7f96\" data-element_type=\"widget\" data-widget_type=\"heading.default\">\n\t\t\t\t\t<h3 class=\"elementor-heading-title elementor-size-default\">Zavolejte nebo napi\u0161te!<\/h3>\t\t\t\t<\/div>\n\t\t<div class=\"elementor-element elementor-element-248a776 e-grid e-con-full e-con e-child\" data-id=\"248a776\" data-element_type=\"container\">\n\t\t<div class=\"elementor-element elementor-element-eb1f1aa e-con-full e-flex e-con e-child\" data-id=\"eb1f1aa\" data-element_type=\"container\">\n\t\t\t\t<div class=\"elementor-element elementor-element-17726fb elementor-position-left elementor-view-default elementor-mobile-position-top elementor-widget elementor-widget-icon-box\" data-id=\"17726fb\" data-element_type=\"widget\" data-widget_type=\"icon-box.default\">\n\t\t\t\t\t\t\t<div class=\"elementor-icon-box-wrapper\">\n\n\t\t\t\t\t\t<div class=\"elementor-icon-box-icon\">\n\t\t\t\t<a href=\"tel:+420312699790\" class=\"elementor-icon\" tabindex=\"-1\" aria-label=\"+420 312 699 790\">\n\t\t\t\t<svg aria-hidden=\"true\" class=\"e-font-icon-svg e-fas-phone-alt\" viewBox=\"0 0 512 512\" xmlns=\"http:\/\/www.w3.org\/2000\/svg\"><path d=\"M497.39 361.8l-112-48a24 24 0 0 0-28 6.9l-49.6 60.6A370.66 370.66 0 0 1 130.6 204.11l60.6-49.6a23.94 23.94 0 0 0 6.9-28l-48-112A24.16 24.16 0 0 0 122.6.61l-104 24A24 24 0 0 0 0 48c0 256.5 207.9 464 464 464a24 24 0 0 0 23.4-18.6l24-104a24.29 24.29 0 0 0-14.01-27.6z\"><\/path><\/svg>\t\t\t\t<\/a>\n\t\t\t<\/div>\n\t\t\t\n\t\t\t\t\t\t<div class=\"elementor-icon-box-content\">\n\n\t\t\t\t\t\t\t\t\t<h3 class=\"elementor-icon-box-title\">\n\t\t\t\t\t\t<a href=\"tel:+420312699790\" >\n\t\t\t\t\t\t\t+420 312 699 790\t\t\t\t\t\t<\/a>\n\t\t\t\t\t<\/h3>\n\t\t\t\t\n\t\t\t\t\n\t\t\t<\/div>\n\t\t\t\n\t\t<\/div>\n\t\t\t\t\t\t<\/div>\n\t\t\t\t<\/div>\n\t\t<div class=\"elementor-element elementor-element-918ba2d e-con-full e-flex e-con e-child\" data-id=\"918ba2d\" data-element_type=\"container\">\n\t\t\t\t<div class=\"elementor-element elementor-element-dadc3ab elementor-position-left elementor-view-default elementor-mobile-position-top elementor-widget elementor-widget-icon-box\" data-id=\"dadc3ab\" data-element_type=\"widget\" data-widget_type=\"icon-box.default\">\n\t\t\t\t\t\t\t<div class=\"elementor-icon-box-wrapper\">\n\n\t\t\t\t\t\t<div class=\"elementor-icon-box-icon\">\n\t\t\t\t<a href=\"mailto:office@sopras.cz\" class=\"elementor-icon\" tabindex=\"-1\" aria-label=\"office@sopras.cz\">\n\t\t\t\t<svg aria-hidden=\"true\" class=\"e-font-icon-svg e-fas-envelope\" viewBox=\"0 0 512 512\" xmlns=\"http:\/\/www.w3.org\/2000\/svg\"><path d=\"M502.3 190.8c3.9-3.1 9.7-.2 9.7 4.7V400c0 26.5-21.5 48-48 48H48c-26.5 0-48-21.5-48-48V195.6c0-5 5.7-7.8 9.7-4.7 22.4 17.4 52.1 39.5 154.1 113.6 21.1 15.4 56.7 47.8 92.2 47.6 35.7.3 72-32.8 92.3-47.6 102-74.1 131.6-96.3 154-113.7zM256 320c23.2.4 56.6-29.2 73.4-41.4 132.7-96.3 142.8-104.7 173.4-128.7 5.8-4.5 9.2-11.5 9.2-18.9v-19c0-26.5-21.5-48-48-48H48C21.5 64 0 85.5 0 112v19c0 7.4 3.4 14.3 9.2 18.9 30.6 23.9 40.7 32.4 173.4 128.7 16.8 12.2 50.2 41.8 73.4 41.4z\"><\/path><\/svg>\t\t\t\t<\/a>\n\t\t\t<\/div>\n\t\t\t\n\t\t\t\t\t\t<div class=\"elementor-icon-box-content\">\n\n\t\t\t\t\t\t\t\t\t<h3 class=\"elementor-icon-box-title\">\n\t\t\t\t\t\t<a href=\"mailto:office@sopras.cz\" >\n\t\t\t\t\t\t\toffice@sopras.cz\t\t\t\t\t\t<\/a>\n\t\t\t\t\t<\/h3>\n\t\t\t\t\n\t\t\t\t\n\t\t\t<\/div>\n\t\t\t\n\t\t<\/div>\n\t\t\t\t\t\t<\/div>\n\t\t\t\t<\/div>\n\t\t\t\t<\/div>\n\t\t\t\t\t<\/div>\n\t\t\t\t<\/div>\n\t\t\t\t<\/div>\n\t\t","protected":false},"excerpt":{"rendered":"<p>Jak se zm\u011b\u0159it? Vyr\u00e1b\u00edme obleky jak pro freedivery, tak pro pot\u00e1p\u011b\u010de. Ve n\u00e1sleduj\u00edc\u00edm videu se dozv\u00edte, jak spr\u00e1vn\u011b prov\u00e9st m\u011b\u0159en\u00ed a vyhnout se n\u00e1kladn\u00fdm chyb\u00e1m. https:\/\/www.youtube.com\/watch?v=KCpxaMpj9ZA&#038;t=68s St\u00e1hn\u011bte si velikostn\u00ed tabulku ST\u00c1HNOUT M\u00c1TE DOTAZY NEBO SI CHCETE ROVNOU OBJEDNAT? Zavolejte nebo napi\u0161te! +420 312 699 790 office@sopras.cz<\/p>\n","protected":false},"author":1,"featured_media":0,"parent":0,"menu_order":0,"comment_status":"closed","ping_status":"closed","template":"","meta":{"footnotes":""},"class_list":["post-315","page","type-page","status-publish","hentry"],"_links":{"self":[{"href":"https:\/\/neoprenynamiru.cz\/en\/wp-json\/wp\/v2\/pages\/315","targetHints":{"allow":["GET"]}}],"collection":[{"href":"https:\/\/neoprenynamiru.cz\/en\/wp-json\/wp\/v2\/pages"}],"about":[{"href":"https:\/\/neoprenynamiru.cz\/en\/wp-json\/wp\/v2\/types\/page"}],"author":[{"embeddable":true,"href":"https:\/\/neoprenynamiru.cz\/en\/wp-json\/wp\/v2\/users\/1"}],"replies":[{"embeddable":true,"href":"https:\/\/neoprenynamiru.cz\/en\/wp-json\/wp\/v2\/comments?post=315"}],"version-history":[{"count":3,"href":"https:\/\/neoprenynamiru.cz\/en\/wp-json\/wp\/v2\/pages\/315\/revisions"}],"predecessor-version":[{"id":336,"href":"https:\/\/neoprenynamiru.cz\/en\/wp-json\/wp\/v2\/pages\/315\/revisions\/336"}],"wp:attachment":[{"href":"https:\/\/neoprenynamiru.cz\/en\/wp-json\/wp\/v2\/media?parent=315"}],"curies":[{"name":"wp","href":"https:\/\/api.w.org\/{rel}","templated":true}]}}